{"id":243,"date":"2022-10-10T11:41:33","date_gmt":"2022-10-10T09:41:33","guid":{"rendered":"http:\/\/creacom-paca.fr\/?page_id=243"},"modified":"2022-11-09T16:41:52","modified_gmt":"2022-11-09T15:41:52","slug":"graphisme-et-publications","status":"publish","type":"page","link":"https:\/\/creacom-paca.fr\/?page_id=243","title":{"rendered":"Graphisme R\u00e9dactionnel Impression"},"content":{"rendered":"\t\t<div data-elementor-type=\"wp-page\" data-elementor-id=\"243\" class=\"elementor elementor-243\">\n\t\t\t\t\t\t\t\t\t<section class=\"elementor-section elementor-top-section elementor-element elementor-element-8cda6d6 elementor-section-full_width elementor-section-height-default elementor-section-height-default\" data-id=\"8cda6d6\" data-element_type=\"section\">\n\t\t\t\t\t\t<div class=\"elementor-container elementor-column-gap-default\">\n\t\t\t\t\t<div class=\"elementor-column elementor-col-50 elementor-top-column elementor-element elementor-element-71ce404\" data-id=\"71ce404\" data-element_type=\"column\">\n\t\t\t<div class=\"elementor-widget-wrap elementor-element-populated\">\n\t\t\t\t\t\t\t\t<div class=\"elementor-element elementor-element-199793c elementor-widget elementor-widget-text-editor\" data-id=\"199793c\" data-element_type=\"widget\" data-widget_type=\"text-editor.default\">\n\t\t\t\t<div class=\"elementor-widget-container\">\n\t\t\t<style>\/*! elementor - v3.17.0 - 25-10-2023 *\/\n.elementor-widget-text-editor.elementor-drop-cap-view-stacked .elementor-drop-cap{background-color:#69727d;color:#fff}.elementor-widget-text-editor.elementor-drop-cap-view-framed .elementor-drop-cap{color:#69727d;border:3px solid;background-color:transparent}.elementor-widget-text-editor:not(.elementor-drop-cap-view-default) .elementor-drop-cap{margin-top:8px}.elementor-widget-text-editor:not(.elementor-drop-cap-view-default) .elementor-drop-cap-letter{width:1em;height:1em}.elementor-widget-text-editor .elementor-drop-cap{float:left;text-align:center;line-height:1;font-size:50px}.elementor-widget-text-editor .elementor-drop-cap-letter{display:inline-block}<\/style>\t\t\t\t<p><b><img loading=\"lazy\" decoding=\"async\" class=\"alignleft size-medium wp-image-14\" src=\"http:\/\/creacom-paca.fr\/wp-content\/uploads\/2022\/10\/denys-turrier-196x300.jpg\" alt=\"\" width=\"196\" height=\"300\" srcset=\"https:\/\/creacom-paca.fr\/wp-content\/uploads\/2022\/10\/denys-turrier-196x300.jpg 196w, https:\/\/creacom-paca.fr\/wp-content\/uploads\/2022\/10\/denys-turrier-668x1024.jpg 668w, https:\/\/creacom-paca.fr\/wp-content\/uploads\/2022\/10\/denys-turrier-768x1177.jpg 768w, https:\/\/creacom-paca.fr\/wp-content\/uploads\/2022\/10\/denys-turrier.jpg 867w\" sizes=\"auto, (max-width: 196px) 100vw, 196px\" \/><\/b>En 1995, j&rsquo;ai achet\u00e9 l&rsquo;un des premiers Apple qui permettait de travailler en num\u00e9rique pour <strong>concevoir des revues, des affiches, des publicit\u00e9s<\/strong>. L&rsquo;informatique permet aujourd&rsquo;hui de cr\u00e9er le support visuel pour le transmettre soit aux m\u00e9dias visuels soit de l&rsquo;imprimer sur tous les supports, souples ou rigides, papier, signal\u00e9tique souple ou rigide, bois, PVC, m\u00e9tal, textile, etc.<\/p><p>J&rsquo;ai propos\u00e9 mes services \u00e0 de nombreuses <strong>collectivit\u00e9s territoriales, des PME et des particuliers<\/strong> pour <strong>d\u00e9velopper une communication moderne ou encore \u00e9crire des ouvrages<\/strong>.<\/p><p>J&rsquo;ai \u00e9crit et publi\u00e9 \u00e0 compte d&rsquo;auteur, \u00e9crit des <strong>biographies<\/strong> ou r\u00e9alis\u00e9 divers ouvrages pour des clients avec toujours la m\u00eame passion.<\/p><p><strong>N&rsquo;h\u00e9sitez pas \u00e0 me <a href=\"https:\/\/creacom-paca.fr\/?page_id=364\">contacter<\/a> pour pr\u00e9senter votre projet<\/strong>. Apr\u00e8s un entretien pour cerner vos attentes, nous \u00e9tablirons un devis et pas \u00e0 pas, nous avancerons dans l&rsquo;\u00e9criture, la conception et la r\u00e9alisation de votre ouvrage\u2026<\/p>\t\t\t\t\t\t<\/div>\n\t\t\t\t<\/div>\n\t\t\t\t\t<\/div>\n\t\t<\/div>\n\t\t\t\t<div class=\"elementor-column elementor-col-50 elementor-top-column elementor-element elementor-element-d0235b7\" data-id=\"d0235b7\" data-element_type=\"column\">\n\t\t\t<div class=\"elementor-widget-wrap elementor-element-populated\">\n\t\t\t\t\t\t\t\t<div class=\"elementor-element elementor-element-f7daee7 elementor-widget elementor-widget-heading\" data-id=\"f7daee7\" data-element_type=\"widget\" data-widget_type=\"heading.default\">\n\t\t\t\t<div class=\"elementor-widget-container\">\n\t\t\t<style>\/*! elementor - v3.17.0 - 25-10-2023 *\/\n.elementor-heading-title{padding:0;margin:0;line-height:1}.elementor-widget-heading .elementor-heading-title[class*=elementor-size-]>a{color:inherit;font-size:inherit;line-height:inherit}.elementor-widget-heading .elementor-heading-title.elementor-size-small{font-size:15px}.elementor-widget-heading .elementor-heading-title.elementor-size-medium{font-size:19px}.elementor-widget-heading .elementor-heading-title.elementor-size-large{font-size:29px}.elementor-widget-heading .elementor-heading-title.elementor-size-xl{font-size:39px}.elementor-widget-heading .elementor-heading-title.elementor-size-xxl{font-size:59px}<\/style><h2 class=\"elementor-heading-title elementor-size-default\">Graphisme  R\u00e9dactionnel  Impression<\/h2>\t\t<\/div>\n\t\t\t\t<\/div>\n\t\t\t\t<div class=\"elementor-element elementor-element-7e4df6b gallery-spacing-custom elementor-widget elementor-widget-image-gallery\" data-id=\"7e4df6b\" data-element_type=\"widget\" data-widget_type=\"image-gallery.default\">\n\t\t\t\t<div class=\"elementor-widget-container\">\n\t\t\t<style>\/*! elementor - v3.17.0 - 25-10-2023 *\/\n.elementor-image-gallery .gallery-item{display:inline-block;text-align:center;vertical-align:top;width:100%;max-width:100%;margin:0 auto}.elementor-image-gallery .gallery-item img{margin:0 auto}.elementor-image-gallery .gallery-item .gallery-caption{margin:0}.elementor-image-gallery figure img{display:block}.elementor-image-gallery figure figcaption{width:100%}.gallery-spacing-custom .elementor-image-gallery .gallery-icon{padding:0}@media (min-width:768px){.elementor-image-gallery .gallery-columns-2 .gallery-item{max-width:50%}.elementor-image-gallery .gallery-columns-3 .gallery-item{max-width:33.33%}.elementor-image-gallery .gallery-columns-4 .gallery-item{max-width:25%}.elementor-image-gallery .gallery-columns-5 .gallery-item{max-width:20%}.elementor-image-gallery .gallery-columns-6 .gallery-item{max-width:16.666%}.elementor-image-gallery .gallery-columns-7 .gallery-item{max-width:14.28%}.elementor-image-gallery .gallery-columns-8 .gallery-item{max-width:12.5%}.elementor-image-gallery .gallery-columns-9 .gallery-item{max-width:11.11%}.elementor-image-gallery .gallery-columns-10 .gallery-item{max-width:10%}}@media (min-width:480px) and (max-width:767px){.elementor-image-gallery .gallery.gallery-columns-2 .gallery-item,.elementor-image-gallery .gallery.gallery-columns-3 .gallery-item,.elementor-image-gallery .gallery.gallery-columns-4 .gallery-item,.elementor-image-gallery .gallery.gallery-columns-5 .gallery-item,.elementor-image-gallery .gallery.gallery-columns-6 .gallery-item,.elementor-image-gallery .gallery.gallery-columns-7 .gallery-item,.elementor-image-gallery .gallery.gallery-columns-8 .gallery-item,.elementor-image-gallery .gallery.gallery-columns-9 .gallery-item,.elementor-image-gallery .gallery.gallery-columns-10 .gallery-item{max-width:50%}}@media (max-width:479px){.elementor-image-gallery .gallery.gallery-columns-2 .gallery-item,.elementor-image-gallery .gallery.gallery-columns-3 .gallery-item,.elementor-image-gallery .gallery.gallery-columns-4 .gallery-item,.elementor-image-gallery .gallery.gallery-columns-5 .gallery-item,.elementor-image-gallery .gallery.gallery-columns-6 .gallery-item,.elementor-image-gallery .gallery.gallery-columns-7 .gallery-item,.elementor-image-gallery .gallery.gallery-columns-8 .gallery-item,.elementor-image-gallery .gallery.gallery-columns-9 .gallery-item,.elementor-image-gallery .gallery.gallery-columns-10 .gallery-item{max-width:100%}}<\/style>\t\t<div class=\"elementor-image-gallery\">\n\t\t\t<div id='gallery-1' class='gallery galleryid-243 gallery-columns-2 gallery-size-medium'><figure class='gallery-item'>\n\t\t\t<div class='gallery-icon landscape'>\n\t\t\t\t<a data-elementor-open-lightbox=\"yes\" data-elementor-lightbox-slideshow=\"7e4df6b\" data-elementor-lightbox-title=\"station de travail-9863\" data-e-action-hash=\"#elementor-action%3Aaction%3Dlightbox%26settings%3DeyJpZCI6MTUyLCJ1cmwiOiJodHRwczpcL1wvY3JlYWNvbS1wYWNhLmZyXC93cC1jb250ZW50XC91cGxvYWRzXC8yMDIyXC8xMFwvc3RhdGlvbi1kZS10cmF2YWlsLTk4NjMtMS5qcGciLCJzbGlkZXNob3ciOiI3ZTRkZjZiIn0%3D\" href='https:\/\/creacom-paca.fr\/wp-content\/uploads\/2022\/10\/station-de-travail-9863-1.jpg'><img loading=\"lazy\" decoding=\"async\" width=\"300\" height=\"200\" src=\"https:\/\/creacom-paca.fr\/wp-content\/uploads\/2022\/10\/station-de-travail-9863-1-300x200.jpg\" class=\"attachment-medium size-medium\" alt=\"\" srcset=\"https:\/\/creacom-paca.fr\/wp-content\/uploads\/2022\/10\/station-de-travail-9863-1-300x200.jpg 300w, https:\/\/creacom-paca.fr\/wp-content\/uploads\/2022\/10\/station-de-travail-9863-1-768x512.jpg 768w, https:\/\/creacom-paca.fr\/wp-content\/uploads\/2022\/10\/station-de-travail-9863-1.jpg 1000w\" sizes=\"auto, (max-width: 300px) 100vw, 300px\" \/><\/a>\n\t\t\t<\/div><\/figure><figure class='gallery-item'>\n\t\t\t<div class='gallery-icon landscape'>\n\t\t\t\t<a data-elementor-open-lightbox=\"yes\" data-elementor-lightbox-slideshow=\"7e4df6b\" data-elementor-lightbox-title=\"site-CV-audet nat-3\" data-e-action-hash=\"#elementor-action%3Aaction%3Dlightbox%26settings%3DeyJpZCI6MTUwLCJ1cmwiOiJodHRwczpcL1wvY3JlYWNvbS1wYWNhLmZyXC93cC1jb250ZW50XC91cGxvYWRzXC8yMDIyXC8xMFwvc2l0ZS1DVi1hdWRldC1uYXQtMy5qcGciLCJzbGlkZXNob3ciOiI3ZTRkZjZiIn0%3D\" href='https:\/\/creacom-paca.fr\/wp-content\/uploads\/2022\/10\/site-CV-audet-nat-3.jpg'><img loading=\"lazy\" decoding=\"async\" width=\"300\" height=\"191\" src=\"https:\/\/creacom-paca.fr\/wp-content\/uploads\/2022\/10\/site-CV-audet-nat-3-300x191.jpg\" class=\"attachment-medium size-medium\" alt=\"\" srcset=\"https:\/\/creacom-paca.fr\/wp-content\/uploads\/2022\/10\/site-CV-audet-nat-3-300x191.jpg 300w, https:\/\/creacom-paca.fr\/wp-content\/uploads\/2022\/10\/site-CV-audet-nat-3-768x488.jpg 768w, https:\/\/creacom-paca.fr\/wp-content\/uploads\/2022\/10\/site-CV-audet-nat-3.jpg 1004w\" sizes=\"auto, (max-width: 300px) 100vw, 300px\" \/><\/a>\n\t\t\t<\/div><\/figure><figure class='gallery-item'>\n\t\t\t<div class='gallery-icon landscape'>\n\t\t\t\t<a data-elementor-open-lightbox=\"yes\" data-elementor-lightbox-slideshow=\"7e4df6b\" data-elementor-lightbox-title=\"revues-9848\" data-e-action-hash=\"#elementor-action%3Aaction%3Dlightbox%26settings%3DeyJpZCI6NDgsInVybCI6Imh0dHBzOlwvXC9jcmVhY29tLXBhY2EuZnJcL3dwLWNvbnRlbnRcL3VwbG9hZHNcLzIwMjJcLzEwXC9yZXZ1ZXMtOTg0OC5qcGciLCJzbGlkZXNob3ciOiI3ZTRkZjZiIn0%3D\" href='https:\/\/creacom-paca.fr\/wp-content\/uploads\/2022\/10\/revues-9848.jpg'><img loading=\"lazy\" decoding=\"async\" width=\"300\" height=\"200\" src=\"https:\/\/creacom-paca.fr\/wp-content\/uploads\/2022\/10\/revues-9848-300x200.jpg\" class=\"attachment-medium size-medium\" alt=\"\" srcset=\"https:\/\/creacom-paca.fr\/wp-content\/uploads\/2022\/10\/revues-9848-300x200.jpg 300w, https:\/\/creacom-paca.fr\/wp-content\/uploads\/2022\/10\/revues-9848-768x512.jpg 768w, https:\/\/creacom-paca.fr\/wp-content\/uploads\/2022\/10\/revues-9848.jpg 1000w\" sizes=\"auto, (max-width: 300px) 100vw, 300px\" \/><\/a>\n\t\t\t<\/div><\/figure><figure class='gallery-item'>\n\t\t\t<div class='gallery-icon landscape'>\n\t\t\t\t<a data-elementor-open-lightbox=\"yes\" data-elementor-lightbox-slideshow=\"7e4df6b\" data-elementor-lightbox-title=\"Cp et depliants-9854\" data-e-action-hash=\"#elementor-action%3Aaction%3Dlightbox%26settings%3DeyJpZCI6NDcsInVybCI6Imh0dHBzOlwvXC9jcmVhY29tLXBhY2EuZnJcL3dwLWNvbnRlbnRcL3VwbG9hZHNcLzIwMjJcLzEwXC9DcC1ldC1kZXBsaWFudHMtOTg1NC5qcGciLCJzbGlkZXNob3ciOiI3ZTRkZjZiIn0%3D\" href='https:\/\/creacom-paca.fr\/wp-content\/uploads\/2022\/10\/Cp-et-depliants-9854.jpg'><img loading=\"lazy\" decoding=\"async\" width=\"300\" height=\"187\" src=\"https:\/\/creacom-paca.fr\/wp-content\/uploads\/2022\/10\/Cp-et-depliants-9854-300x187.jpg\" class=\"attachment-medium size-medium\" alt=\"\" srcset=\"https:\/\/creacom-paca.fr\/wp-content\/uploads\/2022\/10\/Cp-et-depliants-9854-300x187.jpg 300w, https:\/\/creacom-paca.fr\/wp-content\/uploads\/2022\/10\/Cp-et-depliants-9854-768x478.jpg 768w, https:\/\/creacom-paca.fr\/wp-content\/uploads\/2022\/10\/Cp-et-depliants-9854.jpg 1000w\" sizes=\"auto, (max-width: 300px) 100vw, 300px\" \/><\/a>\n\t\t\t<\/div><\/figure><figure class='gallery-item'>\n\t\t\t<div class='gallery-icon landscape'>\n\t\t\t\t<a data-elementor-open-lightbox=\"yes\" data-elementor-lightbox-slideshow=\"7e4df6b\" data-elementor-lightbox-title=\"revues-9849\" data-e-action-hash=\"#elementor-action%3Aaction%3Dlightbox%26settings%3DeyJpZCI6MTQ2LCJ1cmwiOiJodHRwczpcL1wvY3JlYWNvbS1wYWNhLmZyXC93cC1jb250ZW50XC91cGxvYWRzXC8yMDIyXC8xMFwvcmV2dWVzLTk4NDktMS5qcGciLCJzbGlkZXNob3ciOiI3ZTRkZjZiIn0%3D\" href='https:\/\/creacom-paca.fr\/wp-content\/uploads\/2022\/10\/revues-9849-1.jpg'><img loading=\"lazy\" decoding=\"async\" width=\"300\" height=\"200\" src=\"https:\/\/creacom-paca.fr\/wp-content\/uploads\/2022\/10\/revues-9849-1-300x200.jpg\" class=\"attachment-medium size-medium\" alt=\"\" srcset=\"https:\/\/creacom-paca.fr\/wp-content\/uploads\/2022\/10\/revues-9849-1-300x200.jpg 300w, https:\/\/creacom-paca.fr\/wp-content\/uploads\/2022\/10\/revues-9849-1-768x512.jpg 768w, https:\/\/creacom-paca.fr\/wp-content\/uploads\/2022\/10\/revues-9849-1.jpg 1000w\" sizes=\"auto, (max-width: 300px) 100vw, 300px\" \/><\/a>\n\t\t\t<\/div><\/figure><figure class='gallery-item'>\n\t\t\t<div class='gallery-icon landscape'>\n\t\t\t\t<a data-elementor-open-lightbox=\"yes\" data-elementor-lightbox-slideshow=\"7e4df6b\" data-elementor-lightbox-title=\"site-banderole sandra\" data-e-action-hash=\"#elementor-action%3Aaction%3Dlightbox%26settings%3DeyJpZCI6MjQ1LCJ1cmwiOiJodHRwczpcL1wvY3JlYWNvbS1wYWNhLmZyXC93cC1jb250ZW50XC91cGxvYWRzXC8yMDIyXC8xMFwvc2l0ZS1iYW5kZXJvbGUtc2FuZHJhLmpwZyIsInNsaWRlc2hvdyI6IjdlNGRmNmIifQ%3D%3D\" href='https:\/\/creacom-paca.fr\/wp-content\/uploads\/2022\/10\/site-banderole-sandra.jpg'><img loading=\"lazy\" decoding=\"async\" width=\"300\" height=\"150\" src=\"https:\/\/creacom-paca.fr\/wp-content\/uploads\/2022\/10\/site-banderole-sandra-300x150.jpg\" class=\"attachment-medium size-medium\" alt=\"\" srcset=\"https:\/\/creacom-paca.fr\/wp-content\/uploads\/2022\/10\/site-banderole-sandra-300x150.jpg 300w, https:\/\/creacom-paca.fr\/wp-content\/uploads\/2022\/10\/site-banderole-sandra.jpg 600w\" sizes=\"auto, (max-width: 300px) 100vw, 300px\" \/><\/a>\n\t\t\t<\/div><\/figure>\n\t\t<\/div>\n\t\t<\/div>\n\t\t\t\t<\/div>\n\t\t\t\t<\/div>\n\t\t\t\t\t<\/div>\n\t\t<\/div>\n\t\t\t\t\t\t\t<\/div>\n\t\t<\/section>\n\t\t\t\t<section class=\"elementor-section elementor-top-section elementor-element elementor-element-0c1ea74 elementor-section-boxed elementor-section-height-default elementor-section-height-default\" data-id=\"0c1ea74\" data-element_type=\"section\">\n\t\t\t\t\t\t<div class=\"elementor-container elementor-column-gap-default\">\n\t\t\t\t\t<div class=\"elementor-column elementor-col-100 elementor-top-column elementor-element elementor-element-a1f062c\" data-id=\"a1f062c\" data-element_type=\"column\">\n\t\t\t<div class=\"elementor-widget-wrap elementor-element-populated\">\n\t\t\t\t\t\t\t\t<div class=\"elementor-element elementor-element-ce20898 elementor-widget elementor-widget-spacer\" data-id=\"ce20898\" data-element_type=\"widget\" data-widget_type=\"spacer.default\">\n\t\t\t\t<div class=\"elementor-widget-container\">\n\t\t\t<style>\/*! elementor - v3.17.0 - 25-10-2023 *\/\n.elementor-column .elementor-spacer-inner{height:var(--spacer-size)}.e-con{--container-widget-width:100%}.e-con-inner>.elementor-widget-spacer,.e-con>.elementor-widget-spacer{width:var(--container-widget-width,var(--spacer-size));--align-self:var(--container-widget-align-self,initial);--flex-shrink:0}.e-con-inner>.elementor-widget-spacer>.elementor-widget-container,.e-con>.elementor-widget-spacer>.elementor-widget-container{height:100%;width:100%}.e-con-inner>.elementor-widget-spacer>.elementor-widget-container>.elementor-spacer,.e-con>.elementor-widget-spacer>.elementor-widget-container>.elementor-spacer{height:100%}.e-con-inner>.elementor-widget-spacer>.elementor-widget-container>.elementor-spacer>.elementor-spacer-inner,.e-con>.elementor-widget-spacer>.elementor-widget-container>.elementor-spacer>.elementor-spacer-inner{height:var(--container-widget-height,var(--spacer-size))}.e-con-inner>.elementor-widget-spacer.elementor-widget-empty,.e-con>.elementor-widget-spacer.elementor-widget-empty{position:relative;min-height:22px;min-width:22px}.e-con-inner>.elementor-widget-spacer.elementor-widget-empty .elementor-widget-empty-icon,.e-con>.elementor-widget-spacer.elementor-widget-empty .elementor-widget-empty-icon{position:absolute;top:0;bottom:0;left:0;right:0;margin:auto;padding:0;width:22px;height:22px}<\/style>\t\t<div class=\"elementor-spacer\">\n\t\t\t<div class=\"elementor-spacer-inner\"><\/div>\n\t\t<\/div>\n\t\t\t\t<\/div>\n\t\t\t\t<\/div>\n\t\t\t\t\t<\/div>\n\t\t<\/div>\n\t\t\t\t\t\t\t<\/div>\n\t\t<\/section>\n\t\t\t\t\t\t\t<\/div>\n\t\t","protected":false},"excerpt":{"rendered":"<p>En 1995, j&rsquo;ai achet\u00e9 l&rsquo;un des premiers Apple qui permettait de travailler en num\u00e9rique pour concevoir des revues, des affiches, des publicit\u00e9s. L&rsquo;informatique permet aujourd&rsquo;hui de cr\u00e9er le support visuel pour le transmettre soit aux m\u00e9dias visuels soit de l&rsquo;imprimer sur tous les supports, souples ou rigides, papier, signal\u00e9tique souple ou rigide, bois, PVC, m\u00e9tal, &hellip;<\/p>\n<p class=\"read-more\"> <a class=\"\" href=\"https:\/\/creacom-paca.fr\/?page_id=243\"> <span class=\"screen-reader-text\">Graphisme R\u00e9dactionnel Impression<\/span> Lire la suite\u00a0\u00bb<\/a><\/p>\n","protected":false},"author":1,"featured_media":0,"parent":0,"menu_order":0,"comment_status":"closed","ping_status":"closed","template":"","meta":{"site-sidebar-layout":"default","site-content-layout":"default","ast-global-header-display":"","ast-main-header-display":"","ast-hfb-above-header-display":"","ast-hfb-below-header-display":"","ast-hfb-mobile-header-display":"","site-post-title":"","ast-breadcrumbs-content":"","ast-featured-img":"","footer-sml-layout":"","theme-transparent-header-meta":"","adv-header-id-meta":"","stick-header-meta":"","header-above-stick-meta":"","header-main-stick-meta":"","header-below-stick-meta":"","footnotes":""},"class_list":["post-243","page","type-page","status-publish","hentry"],"yoast_head":"<!-- This site is optimized with the Yoast SEO plugin v21.4 - https:\/\/yoast.com\/wordpress\/plugins\/seo\/ -->\n<title>Graphisme R\u00e9dactionnel Impression - Creacom Paca<\/title>\n<meta name=\"robots\" content=\"index, follow, max-snippet:-1, max-image-preview:large, max-video-preview:-1\" \/>\n<link rel=\"canonical\" href=\"https:\/\/creacom-paca.fr\/?page_id=243\" \/>\n<meta property=\"og:locale\" content=\"fr_FR\" \/>\n<meta property=\"og:type\" content=\"article\" \/>\n<meta property=\"og:title\" content=\"Graphisme R\u00e9dactionnel Impression - Creacom Paca\" \/>\n<meta property=\"og:description\" content=\"En 1995, j&rsquo;ai achet\u00e9 l&rsquo;un des premiers Apple qui permettait de travailler en num\u00e9rique pour concevoir des revues, des affiches, des publicit\u00e9s. L&rsquo;informatique permet aujourd&rsquo;hui de cr\u00e9er le support visuel pour le transmettre soit aux m\u00e9dias visuels soit de l&rsquo;imprimer sur tous les supports, souples ou rigides, papier, signal\u00e9tique souple ou rigide, bois, PVC, m\u00e9tal, &hellip; Graphisme R\u00e9dactionnel Impression Lire la suite\u00a0\u00bb\" \/>\n<meta property=\"og:url\" content=\"https:\/\/creacom-paca.fr\/?page_id=243\" \/>\n<meta property=\"og:site_name\" content=\"Creacom Paca\" \/>\n<meta property=\"article:modified_time\" content=\"2022-11-09T15:41:52+00:00\" \/>\n<meta property=\"og:image\" content=\"http:\/\/creacom-paca.fr\/wp-content\/uploads\/2022\/10\/denys-turrier-196x300.jpg\" \/>\n<meta name=\"twitter:card\" content=\"summary_large_image\" \/>\n<meta name=\"twitter:label1\" content=\"Dur\u00e9e de lecture estim\u00e9e\" \/>\n\t<meta name=\"twitter:data1\" content=\"3 minutes\" \/>\n<script type=\"application\/ld+json\" class=\"yoast-schema-graph\">{\"@context\":\"https:\/\/schema.org\",\"@graph\":[{\"@type\":\"WebPage\",\"@id\":\"https:\/\/creacom-paca.fr\/?page_id=243\",\"url\":\"https:\/\/creacom-paca.fr\/?page_id=243\",\"name\":\"Graphisme R\u00e9dactionnel Impression - Creacom Paca\",\"isPartOf\":{\"@id\":\"https:\/\/creacom-paca.fr\/#website\"},\"datePublished\":\"2022-10-10T09:41:33+00:00\",\"dateModified\":\"2022-11-09T15:41:52+00:00\",\"breadcrumb\":{\"@id\":\"https:\/\/creacom-paca.fr\/?page_id=243#breadcrumb\"},\"inLanguage\":\"fr-FR\",\"potentialAction\":[{\"@type\":\"ReadAction\",\"target\":[\"https:\/\/creacom-paca.fr\/?page_id=243\"]}]},{\"@type\":\"BreadcrumbList\",\"@id\":\"https:\/\/creacom-paca.fr\/?page_id=243#breadcrumb\",\"itemListElement\":[{\"@type\":\"ListItem\",\"position\":1,\"name\":\"Accueil\",\"item\":\"https:\/\/creacom-paca.fr\/\"},{\"@type\":\"ListItem\",\"position\":2,\"name\":\"Graphisme R\u00e9dactionnel Impression\"}]},{\"@type\":\"WebSite\",\"@id\":\"https:\/\/creacom-paca.fr\/#website\",\"url\":\"https:\/\/creacom-paca.fr\/\",\"name\":\"Creacom Paca\",\"description\":\"\",\"potentialAction\":[{\"@type\":\"SearchAction\",\"target\":{\"@type\":\"EntryPoint\",\"urlTemplate\":\"https:\/\/creacom-paca.fr\/?s={search_term_string}\"},\"query-input\":\"required name=search_term_string\"}],\"inLanguage\":\"fr-FR\"}]}<\/script>\n<!-- \/ Yoast SEO plugin. -->","yoast_head_json":{"title":"Graphisme R\u00e9dactionnel Impression - Creacom Paca","robots":{"index":"index","follow":"follow","max-snippet":"max-snippet:-1","max-image-preview":"max-image-preview:large","max-video-preview":"max-video-preview:-1"},"canonical":"https:\/\/creacom-paca.fr\/?page_id=243","og_locale":"fr_FR","og_type":"article","og_title":"Graphisme R\u00e9dactionnel Impression - Creacom Paca","og_description":"En 1995, j&rsquo;ai achet\u00e9 l&rsquo;un des premiers Apple qui permettait de travailler en num\u00e9rique pour concevoir des revues, des affiches, des publicit\u00e9s. L&rsquo;informatique permet aujourd&rsquo;hui de cr\u00e9er le support visuel pour le transmettre soit aux m\u00e9dias visuels soit de l&rsquo;imprimer sur tous les supports, souples ou rigides, papier, signal\u00e9tique souple ou rigide, bois, PVC, m\u00e9tal, &hellip; Graphisme R\u00e9dactionnel Impression Lire la suite\u00a0\u00bb","og_url":"https:\/\/creacom-paca.fr\/?page_id=243","og_site_name":"Creacom Paca","article_modified_time":"2022-11-09T15:41:52+00:00","og_image":[{"url":"http:\/\/creacom-paca.fr\/wp-content\/uploads\/2022\/10\/denys-turrier-196x300.jpg"}],"twitter_card":"summary_large_image","twitter_misc":{"Dur\u00e9e de lecture estim\u00e9e":"3 minutes"},"schema":{"@context":"https:\/\/schema.org","@graph":[{"@type":"WebPage","@id":"https:\/\/creacom-paca.fr\/?page_id=243","url":"https:\/\/creacom-paca.fr\/?page_id=243","name":"Graphisme R\u00e9dactionnel Impression - Creacom Paca","isPartOf":{"@id":"https:\/\/creacom-paca.fr\/#website"},"datePublished":"2022-10-10T09:41:33+00:00","dateModified":"2022-11-09T15:41:52+00:00","breadcrumb":{"@id":"https:\/\/creacom-paca.fr\/?page_id=243#breadcrumb"},"inLanguage":"fr-FR","potentialAction":[{"@type":"ReadAction","target":["https:\/\/creacom-paca.fr\/?page_id=243"]}]},{"@type":"BreadcrumbList","@id":"https:\/\/creacom-paca.fr\/?page_id=243#breadcrumb","itemListElement":[{"@type":"ListItem","position":1,"name":"Accueil","item":"https:\/\/creacom-paca.fr\/"},{"@type":"ListItem","position":2,"name":"Graphisme R\u00e9dactionnel Impression"}]},{"@type":"WebSite","@id":"https:\/\/creacom-paca.fr\/#website","url":"https:\/\/creacom-paca.fr\/","name":"Creacom Paca","description":"","potentialAction":[{"@type":"SearchAction","target":{"@type":"EntryPoint","urlTemplate":"https:\/\/creacom-paca.fr\/?s={search_term_string}"},"query-input":"required name=search_term_string"}],"inLanguage":"fr-FR"}]}},"_links":{"self":[{"href":"https:\/\/creacom-paca.fr\/index.php?rest_route=\/wp\/v2\/pages\/243","targetHints":{"allow":["GET"]}}],"collection":[{"href":"https:\/\/creacom-paca.fr\/index.php?rest_route=\/wp\/v2\/pages"}],"about":[{"href":"https:\/\/creacom-paca.fr\/index.php?rest_route=\/wp\/v2\/types\/page"}],"author":[{"embeddable":true,"href":"https:\/\/creacom-paca.fr\/index.php?rest_route=\/wp\/v2\/users\/1"}],"replies":[{"embeddable":true,"href":"https:\/\/creacom-paca.fr\/index.php?rest_route=%2Fwp%2Fv2%2Fcomments&post=243"}],"version-history":[{"count":33,"href":"https:\/\/creacom-paca.fr\/index.php?rest_route=\/wp\/v2\/pages\/243\/revisions"}],"predecessor-version":[{"id":708,"href":"https:\/\/creacom-paca.fr\/index.php?rest_route=\/wp\/v2\/pages\/243\/revisions\/708"}],"wp:attachment":[{"href":"https:\/\/creacom-paca.fr\/index.php?rest_route=%2Fwp%2Fv2%2Fmedia&parent=243"}],"curies":[{"name":"wp","href":"https:\/\/api.w.org\/{rel}","templated":true}]}}